{"id":757,"date":"2015-08-11T16:02:41","date_gmt":"2015-08-11T16:02:41","guid":{"rendered":"http:\/\/savoy.nordicmade.com\/?page_id=11"},"modified":"2020-02-24T21:14:07","modified_gmt":"2020-02-24T20:14:07","slug":"home","status":"publish","type":"page","link":"https:\/\/www.semesemena.co.rs\/","title":{"rendered":"Po\u010detna"},"content":{"rendered":"<p>[vc_row type=\u201cfull-nopad\u201c max_width=\u201c2200\u2033 css=\u201c.vc_custom_1547561999845{padding-right: 0px !important;padding-left: 0px !important;}\u201c][vc_column css=\u201c.vc_custom_1439335914871{padding-right: 0px !important;padding-left: 0px !important;}\u201c]<div class=\"nm-banner-slider slider-type-full slick-slider slick-controls-gray slick-dots-inside\" data-arrows=\"true\" data-dots=\"true\" data-speed=\"1000\" data-autoplay=\"true\" data-autoplay-speed=\"4000\" data-infinite=\"true\">\r\n\t\t\t<div class=\"nm-banner content-boxed image-type-fluid has-alt-image text-color-light\" style=\"\"><img src=\"https:\/\/www.semesemena.co.rs\/wp-content\/uploads\/2019\/03\/seme-semena-pocetna.jpg\" alt=\"seme semena pocetna\" \/><img src=\"https:\/\/www.semesemena.co.rs\/wp-content\/uploads\/2019\/03\/moja-bastica-m.jpg\" class=\"nm-banner-alt-image img\" alt=\"moja bastica m\" \/>\r\n\t\t\t\t<div class=\"nm-banner-content\">\r\n\t\t\t\t\t<div class=\"nm-banner-content-inner\">\r\n\t\t\t\t\t\t<div class=\"nm-banner-text h_left v_center align_left\" style=\"width: 41%; \">\r\n\t\t\t\t\t\t\t<div class=\"nm-banner-text-inner\"><h1 class=\"nm-banner-title large\">Prodaja semena<\/h1><a href=\"https:\/\/www.semesemena.co.rs\/proizvodi\/\" class=\"nm-banner-link nm-banner-shop-link\">Pogledajte sve kategorije<\/a><\/div>\r\n\t\t\t\t\t\t<\/div>\r\n\t\t\t\t\t<\/div>\r\n\t\t\t\t<\/div>\r\n\t\t\t<\/div><\/div>[\/vc_column][\/vc_row][vc_row][vc_column][vc_empty_space height=\u201c40px\u201c][\/vc_column][\/vc_row][vc_row type=\u201cboxed\u201c][vc_column][vc_raw_html]JTVCcHJvZHVjdF9jYXRlZ29yaWVzJTIwY29sdW1ucyUzRCUyMjMlMjIlNUQ=[\/vc_raw_html][\/vc_column][\/vc_row][vc_row][vc_column][vc_empty_space height=\u201c15px\u201c][\/vc_column][\/vc_row][vc_row type=\u201cboxed\u201c][vc_column width=\u201c1\/3\u2033][vc_empty_space height=\u201c40px\u201c]\r\n\t\t\t<div class=\"nm-feature layout-centered icon-style-background bottom-spacing-none\"><div class=\"nm-feature-icon\"><i class=\"pe-7f-mouse\"><\/i><\/div>\r\n\t\t\t\t<div class=\"nm-feature-content\"><h2>Naru\u010dite online<\/h2>\r\n\t\t\t\t\t<div class=\"wpb_text_column\"><p>Poru\u010dite online u samo nekoliko klikova. Porud\u017ebina sti\u017ee najkasnije nakon 4 radna dana od trenutka naru\u010divanja proizvoda<\/p>\n<\/div>\r\n\t\t\t\t<\/div>\r\n\t\t\t<\/div>[\/vc_column][vc_column width=\u201c1\/3\u2033][vc_empty_space height=\u201c40px\u201c]\r\n\t\t\t<div class=\"nm-feature layout-centered icon-style-background bottom-spacing-none\"><div class=\"nm-feature-icon\"><i class=\"pe-7f-call\"><\/i><\/div>\r\n\t\t\t\t<div class=\"nm-feature-content\"><h2>Kontaktirajte nas<\/h2>\r\n\t\t\t\t\t<div class=\"wpb_text_column\"><p>Kontaktirajte nas na telefon\u00a0<a href=\"tel:*381112861187\">011 286 1187<\/a>\u00a0ili preko mail-a <a href=\"mailto:office@semesemena.co.rs\">office@semesemena.co.rs<\/a> za bilo kakve dodatne informacije<\/p>\n<\/div>\r\n\t\t\t\t<\/div>\r\n\t\t\t<\/div>[\/vc_column][vc_column width=\u201c1\/3\u2033][vc_empty_space height=\u201c40px\u201c]\r\n\t\t\t<div class=\"nm-feature layout-centered icon-style-background bottom-spacing-none\"><div class=\"nm-feature-icon\"><i class=\"pe-7f-map-marker\"><\/i><\/div>\r\n\t\t\t\t<div class=\"nm-feature-content\"><h2>Dostava na adresu<\/h2>\r\n\t\t\t\t\t<div class=\"wpb_text_column\"><p>Vr\u0161imo slanje proizvoda kurirskom slu\u017eba BEX. Proizvodi se dostavljaju na ku\u0107nu adresu na teriroriji cele Srbije<\/p>\n<\/div>\r\n\t\t\t\t<\/div>\r\n\t\t\t<\/div>[\/vc_column][\/vc_row][vc_row][vc_column][vc_empty_space height=\u201c80px\u201c][\/vc_column][\/vc_row][vc_row type=\u201cboxed\u201c][vc_column][vc_raw_html]JTVCY29udGFjdC1mb3JtLTclMjBpZCUzRCUyMjYlMjIlMjB0aXRsZSUzRCUyMkNvbnRhY3QlMjBmb3JtJTIwMSUyMiU1RA==[\/vc_raw_html][\/vc_column][\/vc_row][vc_row][vc_column][vc_empty_space height=\u201c40px\u201c][\/vc_column][\/vc_row][vc_row][vc_column][vc_empty_space height=\u201c100px\u201c][\/vc_column][\/vc_row][vc_row][vc_column]        <div class=\"nm-post-slider slick-slider slick-controls-gray slick-dots-centered slick-dots-active-small\" data-slides-to-show=\"4\" data-slides-to-scroll=\"4\">\r\n\t\t\t            <div>\r\n                <div class=\"nm-post-slider-inner\">\r\n                    <a href=\"https:\/\/www.semesemena.co.rs\/ovo-je-najefikasniji-nacin-da-unapredite-kvalitet-svog-zivota\/\" class=\"nm-post-slider-image\">\r\n\t\t\t\t\t<img src=\"https:\/\/www.semesemena.co.rs\/wp-content\/uploads\/2023\/03\/ovo-je-najefikasniji-nacin-da-unapredite-kvalitet-svog-zivota-featured-image.jpg\" alt=\"ovo-je-najefikasniji-nacin-da-unapredite-kvalitet-svog-zivota-featured-image\" \/>\t\t\t\t\t\t<div class=\"nm-image-overlay\"><\/div>\r\n\t\t\t\t\t                    <\/a>\r\n                    \r\n                    <div class=\"nm-post-slider-content\">\r\n                        <div class=\"nm-post-meta\">15. marta 2023.<\/div>\r\n                        <h3><a href=\"https:\/\/www.semesemena.co.rs\/ovo-je-najefikasniji-nacin-da-unapredite-kvalitet-svog-zivota\/\" class=\"dark\">Ovo je najefikasniji na\u010din da unapredite kvalitet svog \u017eivota<\/a><\/h3>\r\n                                            <\/div>\r\n                <\/div>\r\n            <\/div>\r\n                        <div>\r\n                <div class=\"nm-post-slider-inner\">\r\n                    <a href=\"https:\/\/www.semesemena.co.rs\/mikrobilje-zasto-bi-trebalo-da-ga-uzgajate-sami\/\" class=\"nm-post-slider-image\">\r\n\t\t\t\t\t<img src=\"https:\/\/www.semesemena.co.rs\/wp-content\/uploads\/2022\/06\/Depositphotos_56360947_S.jpg\" alt=\"Raw Green Arugula Microgreens\" \/>\t\t\t\t\t\t<div class=\"nm-image-overlay\"><\/div>\r\n\t\t\t\t\t                    <\/a>\r\n                    \r\n                    <div class=\"nm-post-slider-content\">\r\n                        <div class=\"nm-post-meta\">28. juna 2022.<\/div>\r\n                        <h3><a href=\"https:\/\/www.semesemena.co.rs\/mikrobilje-zasto-bi-trebalo-da-ga-uzgajate-sami\/\" class=\"dark\">Mikrobilje:\u00a0 Za\u0161to bi trebalo da ga uzgajate sami!<\/a><\/h3>\r\n                                            <\/div>\r\n                <\/div>\r\n            <\/div>\r\n                        <div>\r\n                <div class=\"nm-post-slider-inner\">\r\n                    <a href=\"https:\/\/www.semesemena.co.rs\/kako-gajiti-mikrobilje-korak-po-korak\/\" class=\"nm-post-slider-image\">\r\n\t\t\t\t\t<img src=\"https:\/\/www.semesemena.co.rs\/wp-content\/uploads\/2021\/02\/Kako-gajiti-mikrobilje-Naslovna-scaled.jpg\" alt=\"Heap of beet micro greens on table background\" \/>\t\t\t\t\t\t<div class=\"nm-image-overlay\"><\/div>\r\n\t\t\t\t\t                    <\/a>\r\n                    \r\n                    <div class=\"nm-post-slider-content\">\r\n                        <div class=\"nm-post-meta\">25. februara 2021.<\/div>\r\n                        <h3><a href=\"https:\/\/www.semesemena.co.rs\/kako-gajiti-mikrobilje-korak-po-korak\/\" class=\"dark\">Kako gajiti mikrobilje \u2013 korak po korak<\/a><\/h3>\r\n                                            <\/div>\r\n                <\/div>\r\n            <\/div>\r\n                        <div>\r\n                <div class=\"nm-post-slider-inner\">\r\n                    <a href=\"https:\/\/www.semesemena.co.rs\/kako-gajiti-klice-korak-po-korak\/\" class=\"nm-post-slider-image\">\r\n\t\t\t\t\t<img src=\"https:\/\/www.semesemena.co.rs\/wp-content\/uploads\/2021\/02\/Kako-gajiti-klice-Naslovna-scaled.jpg\" alt=\"\" \/>\t\t\t\t\t\t<div class=\"nm-image-overlay\"><\/div>\r\n\t\t\t\t\t                    <\/a>\r\n                    \r\n                    <div class=\"nm-post-slider-content\">\r\n                        <div class=\"nm-post-meta\">25. februara 2021.<\/div>\r\n                        <h3><a href=\"https:\/\/www.semesemena.co.rs\/kako-gajiti-klice-korak-po-korak\/\" class=\"dark\">Kako gajiti klice \u2013 korak po korak<\/a><\/h3>\r\n                                            <\/div>\r\n                <\/div>\r\n            <\/div>\r\n                        <div>\r\n                <div class=\"nm-post-slider-inner\">\r\n                    <a href=\"https:\/\/www.semesemena.co.rs\/4-razloga-zasto-klice-i-mikrobilje-treba-da-budu-obavezni-deo-vase-ishrane\/\" class=\"nm-post-slider-image\">\r\n\t\t\t\t\t<img src=\"https:\/\/www.semesemena.co.rs\/wp-content\/uploads\/2020\/02\/Naslovna-5-scaled.jpg\" alt=\"Naslovna\" \/>\t\t\t\t\t\t<div class=\"nm-image-overlay\"><\/div>\r\n\t\t\t\t\t                    <\/a>\r\n                    \r\n                    <div class=\"nm-post-slider-content\">\r\n                        <div class=\"nm-post-meta\">25. februara 2020.<\/div>\r\n                        <h3><a href=\"https:\/\/www.semesemena.co.rs\/4-razloga-zasto-klice-i-mikrobilje-treba-da-budu-obavezni-deo-vase-ishrane\/\" class=\"dark\">4 razloga za\u0161to KLICE I MIKROBILJE treba da budu obavezni deo va\u0161e ishrane<\/a><\/h3>\r\n                                            <\/div>\r\n                <\/div>\r\n            <\/div>\r\n                        <div>\r\n                <div class=\"nm-post-slider-inner\">\r\n                    <a href=\"https:\/\/www.semesemena.co.rs\/vodic-kroz-prolecnu-sezonu-sadnje-cveca-povrca-i-zacinskog-bilja\/\" class=\"nm-post-slider-image\">\r\n\t\t\t\t\t<img src=\"https:\/\/www.semesemena.co.rs\/wp-content\/uploads\/2020\/02\/Naslovna-4-scaled.jpg\" alt=\"Naslovna\" \/>\t\t\t\t\t\t<div class=\"nm-image-overlay\"><\/div>\r\n\t\t\t\t\t                    <\/a>\r\n                    \r\n                    <div class=\"nm-post-slider-content\">\r\n                        <div class=\"nm-post-meta\">22. februara 2020.<\/div>\r\n                        <h3><a href=\"https:\/\/www.semesemena.co.rs\/vodic-kroz-prolecnu-sezonu-sadnje-cveca-povrca-i-zacinskog-bilja\/\" class=\"dark\">Vodi\u010d kroz prole\u0107nu sezonu sadnje cve\u0107a, povr\u0107a i za\u010dinskog bilja<\/a><\/h3>\r\n                                            <\/div>\r\n                <\/div>\r\n            <\/div>\r\n                        <div>\r\n                <div class=\"nm-post-slider-inner\">\r\n                    <a href=\"https:\/\/www.semesemena.co.rs\/zasto-je-mikrobilje-vise-od-obicnog-trenda-u-zdravoj-ishrani\/\" class=\"nm-post-slider-image\">\r\n\t\t\t\t\t<img src=\"https:\/\/www.semesemena.co.rs\/wp-content\/uploads\/2020\/02\/Naslovna-scaled.jpg\" alt=\"Naslovna\" \/>\t\t\t\t\t\t<div class=\"nm-image-overlay\"><\/div>\r\n\t\t\t\t\t                    <\/a>\r\n                    \r\n                    <div class=\"nm-post-slider-content\">\r\n                        <div class=\"nm-post-meta\">19. februara 2020.<\/div>\r\n                        <h3><a href=\"https:\/\/www.semesemena.co.rs\/zasto-je-mikrobilje-vise-od-obicnog-trenda-u-zdravoj-ishrani\/\" class=\"dark\">Za\u0161to je mikrobilje vi\u0161e od obi\u010dnog trenda u zdravoj ishrani<\/a><\/h3>\r\n                                            <\/div>\r\n                <\/div>\r\n            <\/div>\r\n                    <\/div>\r\n        [\/vc_column][\/vc_row][vc_row][vc_column][vc_empty_space height=\u201c100\u2033][\/vc_column][\/vc_row]<\/p>\n","protected":false},"excerpt":{"rendered":"<p>[vc_row type=\u201cfull-nopad\u201c max_width=\u201c2200\u2033 css=\u201c.vc_custom_1547561999845{padding-right: 0px !important;padding-left: 0px !important;}\u201c][vc_column css=\u201c.vc_custom_1439335914871{padding-right: 0px !important;padding-left: 0px !important;}\u201c][\/vc_column][\/vc_row][vc_row][vc_column][vc_empty_space height=\u201c40px\u201c][\/vc_column][\/vc_row][vc_row type=\u201cboxed\u201c][vc_column][vc_raw_html]JTVCcHJvZHVjdF9jYXRlZ29yaWVzJTIwY29sdW1ucyUzRCUyMjMlMjIlNUQ=[\/vc_raw_html][\/vc_column][\/vc_row][vc_row][vc_column][vc_empty_space height=\u201c15px\u201c][\/vc_column][\/vc_row][vc_row type=\u201cboxed\u201c][vc_column width=\u201c1\/3\u2033][vc_empty_space height=\u201c40px\u201c][\/vc_column][vc_column width=\u201c1\/3\u2033][vc_empty_space height=\u201c40px\u201c][\/vc_column][vc_column width=\u201c1\/3\u2033][vc_empty_space height=\u201c40px\u201c][\/vc_column][\/vc_row][vc_row][vc_column][vc_empty_space height=\u201c80px\u201c][\/vc_column][\/vc_row][vc_row type=\u201cboxed\u201c][vc_column][vc_raw_html]JTVCY29udGFjdC1mb3JtLTclMjBpZCUzRCUyMjYlMjIlMjB0aXRsZSUzRCUyMkNvbnRhY3QlMjBmb3JtJTIwMSUyMiU1RA==[\/vc_raw_html][\/vc_column][\/vc_row][vc_row][vc_column][vc_empty_space height=\u201c40px\u201c][\/vc_column][\/vc_row][vc_row][vc_column][vc_empty_space height=\u201c100px\u201c][\/vc_column][\/vc_row][vc_row][vc_column][\/vc_column][\/vc_row][vc_row][vc_column][vc_empty_space height=\u201c100\u2033][\/vc_column][\/vc_row]<\/p>\n","protected":false},"author":1,"featured_media":0,"parent":0,"menu_order":0,"comment_status":"closed","ping_status":"closed","template":"templates\/page-full.php","meta":{"spay_email":""},"jetpack_sharing_enabled":true,"jetpack_shortlink":"https:\/\/wp.me\/PaUa1x-cd","_links":{"self":[{"href":"https:\/\/www.semesemena.co.rs\/wp-json\/wp\/v2\/pages\/757"}],"collection":[{"href":"https:\/\/www.semesemena.co.rs\/wp-json\/wp\/v2\/pages"}],"about":[{"href":"https:\/\/www.semesemena.co.rs\/wp-json\/wp\/v2\/types\/page"}],"author":[{"embeddable":true,"href":"https:\/\/www.semesemena.co.rs\/wp-json\/wp\/v2\/users\/1"}],"replies":[{"embeddable":true,"href":"https:\/\/www.semesemena.co.rs\/wp-json\/wp\/v2\/comments?post=757"}],"version-history":[{"count":65,"href":"https:\/\/www.semesemena.co.rs\/wp-json\/wp\/v2\/pages\/757\/revisions"}],"predecessor-version":[{"id":3908,"href":"https:\/\/www.semesemena.co.rs\/wp-json\/wp\/v2\/pages\/757\/revisions\/3908"}],"wp:attachment":[{"href":"https:\/\/www.semesemena.co.rs\/wp-json\/wp\/v2\/media?parent=757"}],"curies":[{"name":"wp","href":"https:\/\/api.w.org\/{rel}","templated":true}]}}